{"id":40,"date":"2021-04-02T19:09:19","date_gmt":"2021-04-02T19:09:19","guid":{"rendered":"https:\/\/hannoversche-kunstplattform.de\/?page_id=40"},"modified":"2021-12-07T17:45:45","modified_gmt":"2021-12-07T17:45:45","slug":"startseite","status":"publish","type":"page","link":"https:\/\/hannoversche-kunstplattform.de\/","title":{"rendered":"Startseite"},"content":{"rendered":"<h2>Wir planen ein festival zur f\u00f6rderung von kunst und kultur.<\/h2>\n<p>Unsere Kulturveranstaltungen sollen Menschen zusammenbringen, gesellschaftliche Diskussionen thematisieren und alternative Realit\u00e4ten schaffen.<\/p>\n<p>\t\t\t<a href=\"#\" role=\"button\"><br \/>\n\t\t\t\t\t\tmehr Infos<br \/>\n\t\t\t\t\t<\/a><\/p>\n<h2>wer wir sind<\/h2>\n<h4>Wir, der Hannoversche Kunstplattform e.V. sind ein in Hannover ans\u00e4ssiger Verein zur F\u00f6rderung von Kunst und Kultur, der 2017 von jungen Wedem\u00e4rkern ins Leben gerufen wurde. Wir haben es uns zur Aufgabe gemacht eine \u00fcbergreifende Plattform f\u00fcr die zeitgen\u00f6ssische Kultur- und Musikszene zu schaffen. Um dies zu verwirklichen, haben wir in der Vergangenheit kontinuierlich sowohl Indoor- als auch Outdoor-Veranstaltungen geplant und umgesetzt. Zu unserem Konzept geh\u00f6rt es, dass wir jungen K\u00fcnstler*innen eine Plattform bieten, um sich und ihre kreative Arbeit pr\u00e4sentieren zu k\u00f6nnen. Der Fokus unserer Events liegt auf der Kreation einer einzigartigen Atmosph\u00e4re, die durch die Kombination von aufwendigen Dekorations-, Licht- und Musikkonzepten erm\u00f6glicht wird. Ein weiterer Bestandteil unserer Veranstaltungen ist der bewusste Umgang mit unserer Umwelt, weshalb wir unsere Feste so \u00f6kologische wie m\u00f6glich gestalten. Insgesamt versuchen wir immer wieder einmalige Ereignisse, mit unvergesslichen Momenten voller Leidenschaft und Liebe zu kreieren und diese mit unseren Mitmenschen zu teilen.<\/h4>\n<figure><img decoding=\"async\" src=\"https:\/\/hannoversche-kunstplattform.de\/wp-content\/uploads\/elementor\/thumbs\/DSC67932-scaled-p558kyfk3yxqg9ondwgqv4u1ga0pcffeoyippy6dvk.jpg\" alt=\"Warehouse Stream\" \/><\/figure>\n<figure><img decoding=\"async\" src=\"https:\/\/hannoversche-kunstplattform.de\/wp-content\/uploads\/elementor\/thumbs\/bearbeitet-1303628-scaled-p558nsvyswtzlrjtrmr2wwza79zpnfq5f1mn13yh1c.jpg\" alt=\"Deep Forest 2019\" \/><\/figure>\n<figure><img decoding=\"async\" src=\"https:\/\/hannoversche-kunstplattform.de\/wp-content\/uploads\/elementor\/thumbs\/bearbeitet-1314831-scaled-p558ovfcl4aqtrzuiles9596k2prf0z58cdjpgdby8.jpg\" alt=\"Deep Forest 2019\" \/><\/figure>\n<p>\t\t\t\t\t\tZur\u00fcck<br \/>\n\t\t\t\t\t\tWeiter<\/p>\n<h2>unsere partner und f\u00f6rderer<\/h2>\n<figure><img decoding=\"async\" src=\"https:\/\/hannoversche-kunstplattform.de\/wp-content\/uploads\/2021\/05\/Landeshauptstadt-Hannover-weiss-150x150.png\" alt=\"Landeshauptstadt Hannover wei\u00df\" \/><\/figure>\n<figure><img decoding=\"async\" src=\"https:\/\/hannoversche-kunstplattform.de\/wp-content\/uploads\/2021\/05\/Eikemeier-neu-150x150.png\" alt=\"Eikemeier neu\" \/><\/figure>\n<figure><img decoding=\"async\" src=\"https:\/\/hannoversche-kunstplattform.de\/wp-content\/uploads\/2021\/05\/Gemeinde-Wedemark-weiss-150x150.png\" alt=\"Gemeinde Wedemark wei\u00df\" \/><\/figure>\n<figure><img decoding=\"async\" src=\"https:\/\/hannoversche-kunstplattform.de\/wp-content\/uploads\/2021\/12\/Logo-Beyond-Films-HKP-Homepage_07122021-1-150x150.png\" alt=\"Logo Beyond Films HKP Homepage_07122021\" \/><\/figure>\n<figure><img decoding=\"async\" src=\"https:\/\/hannoversche-kunstplattform.de\/wp-content\/uploads\/2021\/04\/Runnberg-Films-Logo_Sponsorenseite-150x150.png\" alt=\"Runnberg Films Logo_Sponsorenseite\" \/><\/figure>\n<p>\t\t\t\t\t\tZur\u00fcck<br \/>\n\t\t\t\t\t\tWeiter<\/p>\n","protected":false},"excerpt":{"rendered":"<p>Wir planen ein festival zur f\u00f6rderung von kunst und kultur. Unsere Kulturveranstaltungen sollen Menschen zusammenbringen, gesellschaftliche Diskussionen thematisieren und alternative Realit\u00e4ten schaffen. mehr Infos wer wir sind Wir, der Hannoversche Kunstplattform e.V. sind ein in Hannover ans\u00e4ssiger Verein zur F\u00f6rderung von Kunst und Kultur, der 2017 von jungen Wedem\u00e4rkern ins Leben gerufen wurde. Wir haben [&hellip;]<\/p>\n","protected":false},"author":1,"featured_media":0,"parent":0,"menu_order":0,"comment_status":"closed","ping_status":"open","template":"","meta":{"footnotes":""},"class_list":["post-40","page","type-page","status-publish","hentry"],"yoast_head":"<!-- This site is optimized with the Yoast SEO plugin v25.7 - https:\/\/yoast.com\/wordpress\/plugins\/seo\/ -->\n<title>Startseite - Hannoversche Kunstplattform e.V.<\/title>\n<meta name=\"robots\" content=\"index, follow, max-snippet:-1, max-image-preview:large, max-video-preview:-1\" \/>\n<link rel=\"canonical\" href=\"https:\/\/hannoversche-kunstplattform.de\/\" \/>\n<meta property=\"og:locale\" content=\"de_DE\" \/>\n<meta property=\"og:type\" content=\"article\" \/>\n<meta property=\"og:title\" content=\"Startseite - Hannoversche Kunstplattform e.V.\" \/>\n<meta property=\"og:description\" content=\"Wir planen ein festival zur f\u00f6rderung von kunst und kultur. Unsere Kulturveranstaltungen sollen Menschen zusammenbringen, gesellschaftliche Diskussionen thematisieren und alternative Realit\u00e4ten schaffen. mehr Infos wer wir sind Wir, der Hannoversche Kunstplattform e.V. sind ein in Hannover ans\u00e4ssiger Verein zur F\u00f6rderung von Kunst und Kultur, der 2017 von jungen Wedem\u00e4rkern ins Leben gerufen wurde. Wir haben [&hellip;]\" \/>\n<meta property=\"og:url\" content=\"https:\/\/hannoversche-kunstplattform.de\/\" \/>\n<meta property=\"og:site_name\" content=\"Hannoversche Kunstplattform e.V.\" \/>\n<meta property=\"article:modified_time\" content=\"2021-12-07T17:45:45+00:00\" \/>\n<meta property=\"og:image\" content=\"https:\/\/hannoversche-kunstplattform.de\/wp-content\/uploads\/elementor\/thumbs\/DSC67932-scaled-p558kyfk3yxqg9ondwgqv4u1ga0pcffeoyippy6dvk.jpg\" \/>\n<meta name=\"twitter:card\" content=\"summary_large_image\" \/>\n<meta name=\"twitter:label1\" content=\"Gesch\u00e4tzte Lesezeit\" \/>\n\t<meta name=\"twitter:data1\" content=\"1\u00a0Minute\" \/>\n<script type=\"application\/ld+json\" class=\"yoast-schema-graph\">{\"@context\":\"https:\/\/schema.org\",\"@graph\":[{\"@type\":\"WebPage\",\"@id\":\"https:\/\/hannoversche-kunstplattform.de\/\",\"url\":\"https:\/\/hannoversche-kunstplattform.de\/\",\"name\":\"Startseite - Hannoversche Kunstplattform e.V.\",\"isPartOf\":{\"@id\":\"https:\/\/hannoversche-kunstplattform.de\/#website\"},\"primaryImageOfPage\":{\"@id\":\"https:\/\/hannoversche-kunstplattform.de\/#primaryimage\"},\"image\":{\"@id\":\"https:\/\/hannoversche-kunstplattform.de\/#primaryimage\"},\"thumbnailUrl\":\"https:\/\/hannoversche-kunstplattform.de\/wp-content\/uploads\/elementor\/thumbs\/DSC67932-scaled-p558kyfk3yxqg9ondwgqv4u1ga0pcffeoyippy6dvk.jpg\",\"datePublished\":\"2021-04-02T19:09:19+00:00\",\"dateModified\":\"2021-12-07T17:45:45+00:00\",\"breadcrumb\":{\"@id\":\"https:\/\/hannoversche-kunstplattform.de\/#breadcrumb\"},\"inLanguage\":\"de\",\"potentialAction\":[{\"@type\":\"ReadAction\",\"target\":[\"https:\/\/hannoversche-kunstplattform.de\/\"]}]},{\"@type\":\"ImageObject\",\"inLanguage\":\"de\",\"@id\":\"https:\/\/hannoversche-kunstplattform.de\/#primaryimage\",\"url\":\"https:\/\/hannoversche-kunstplattform.de\/wp-content\/uploads\/elementor\/thumbs\/DSC67932-scaled-p558kyfk3yxqg9ondwgqv4u1ga0pcffeoyippy6dvk.jpg\",\"contentUrl\":\"https:\/\/hannoversche-kunstplattform.de\/wp-content\/uploads\/elementor\/thumbs\/DSC67932-scaled-p558kyfk3yxqg9ondwgqv4u1ga0pcffeoyippy6dvk.jpg\"},{\"@type\":\"BreadcrumbList\",\"@id\":\"https:\/\/hannoversche-kunstplattform.de\/#breadcrumb\",\"itemListElement\":[{\"@type\":\"ListItem\",\"position\":1,\"name\":\"Startseite\",\"item\":\"https:\/\/hannoversche-kunstplattform.de\/\"},{\"@type\":\"ListItem\",\"position\":2,\"name\":\"Startseite\"}]},{\"@type\":\"WebSite\",\"@id\":\"https:\/\/hannoversche-kunstplattform.de\/#website\",\"url\":\"https:\/\/hannoversche-kunstplattform.de\/\",\"name\":\"Hannoversche Kunstplattform e.V.\",\"description\":\"Zur F\u00f6rderung von Kunst und Kultur\",\"potentialAction\":[{\"@type\":\"SearchAction\",\"target\":{\"@type\":\"EntryPoint\",\"urlTemplate\":\"https:\/\/hannoversche-kunstplattform.de\/?s={search_term_string}\"},\"query-input\":{\"@type\":\"PropertyValueSpecification\",\"valueRequired\":true,\"valueName\":\"search_term_string\"}}],\"inLanguage\":\"de\"}]}<\/script>\n<!-- \/ Yoast SEO plugin. -->","yoast_head_json":{"title":"Startseite - Hannoversche Kunstplattform e.V.","robots":{"index":"index","follow":"follow","max-snippet":"max-snippet:-1","max-image-preview":"max-image-preview:large","max-video-preview":"max-video-preview:-1"},"canonical":"https:\/\/hannoversche-kunstplattform.de\/","og_locale":"de_DE","og_type":"article","og_title":"Startseite - Hannoversche Kunstplattform e.V.","og_description":"Wir planen ein festival zur f\u00f6rderung von kunst und kultur. Unsere Kulturveranstaltungen sollen Menschen zusammenbringen, gesellschaftliche Diskussionen thematisieren und alternative Realit\u00e4ten schaffen. mehr Infos wer wir sind Wir, der Hannoversche Kunstplattform e.V. sind ein in Hannover ans\u00e4ssiger Verein zur F\u00f6rderung von Kunst und Kultur, der 2017 von jungen Wedem\u00e4rkern ins Leben gerufen wurde. Wir haben [&hellip;]","og_url":"https:\/\/hannoversche-kunstplattform.de\/","og_site_name":"Hannoversche Kunstplattform e.V.","article_modified_time":"2021-12-07T17:45:45+00:00","og_image":[{"url":"https:\/\/hannoversche-kunstplattform.de\/wp-content\/uploads\/elementor\/thumbs\/DSC67932-scaled-p558kyfk3yxqg9ondwgqv4u1ga0pcffeoyippy6dvk.jpg","type":"","width":"","height":""}],"twitter_card":"summary_large_image","twitter_misc":{"Gesch\u00e4tzte Lesezeit":"1\u00a0Minute"},"schema":{"@context":"https:\/\/schema.org","@graph":[{"@type":"WebPage","@id":"https:\/\/hannoversche-kunstplattform.de\/","url":"https:\/\/hannoversche-kunstplattform.de\/","name":"Startseite - Hannoversche Kunstplattform e.V.","isPartOf":{"@id":"https:\/\/hannoversche-kunstplattform.de\/#website"},"primaryImageOfPage":{"@id":"https:\/\/hannoversche-kunstplattform.de\/#primaryimage"},"image":{"@id":"https:\/\/hannoversche-kunstplattform.de\/#primaryimage"},"thumbnailUrl":"https:\/\/hannoversche-kunstplattform.de\/wp-content\/uploads\/elementor\/thumbs\/DSC67932-scaled-p558kyfk3yxqg9ondwgqv4u1ga0pcffeoyippy6dvk.jpg","datePublished":"2021-04-02T19:09:19+00:00","dateModified":"2021-12-07T17:45:45+00:00","breadcrumb":{"@id":"https:\/\/hannoversche-kunstplattform.de\/#breadcrumb"},"inLanguage":"de","potentialAction":[{"@type":"ReadAction","target":["https:\/\/hannoversche-kunstplattform.de\/"]}]},{"@type":"ImageObject","inLanguage":"de","@id":"https:\/\/hannoversche-kunstplattform.de\/#primaryimage","url":"https:\/\/hannoversche-kunstplattform.de\/wp-content\/uploads\/elementor\/thumbs\/DSC67932-scaled-p558kyfk3yxqg9ondwgqv4u1ga0pcffeoyippy6dvk.jpg","contentUrl":"https:\/\/hannoversche-kunstplattform.de\/wp-content\/uploads\/elementor\/thumbs\/DSC67932-scaled-p558kyfk3yxqg9ondwgqv4u1ga0pcffeoyippy6dvk.jpg"},{"@type":"BreadcrumbList","@id":"https:\/\/hannoversche-kunstplattform.de\/#breadcrumb","itemListElement":[{"@type":"ListItem","position":1,"name":"Startseite","item":"https:\/\/hannoversche-kunstplattform.de\/"},{"@type":"ListItem","position":2,"name":"Startseite"}]},{"@type":"WebSite","@id":"https:\/\/hannoversche-kunstplattform.de\/#website","url":"https:\/\/hannoversche-kunstplattform.de\/","name":"Hannoversche Kunstplattform e.V.","description":"Zur F\u00f6rderung von Kunst und Kultur","potentialAction":[{"@type":"SearchAction","target":{"@type":"EntryPoint","urlTemplate":"https:\/\/hannoversche-kunstplattform.de\/?s={search_term_string}"},"query-input":{"@type":"PropertyValueSpecification","valueRequired":true,"valueName":"search_term_string"}}],"inLanguage":"de"}]}},"_links":{"self":[{"href":"https:\/\/hannoversche-kunstplattform.de\/index.php?rest_route=\/wp\/v2\/pages\/40","targetHints":{"allow":["GET"]}}],"collection":[{"href":"https:\/\/hannoversche-kunstplattform.de\/index.php?rest_route=\/wp\/v2\/pages"}],"about":[{"href":"https:\/\/hannoversche-kunstplattform.de\/index.php?rest_route=\/wp\/v2\/types\/page"}],"author":[{"embeddable":true,"href":"https:\/\/hannoversche-kunstplattform.de\/index.php?rest_route=\/wp\/v2\/users\/1"}],"replies":[{"embeddable":true,"href":"https:\/\/hannoversche-kunstplattform.de\/index.php?rest_route=%2Fwp%2Fv2%2Fcomments&post=40"}],"version-history":[{"count":180,"href":"https:\/\/hannoversche-kunstplattform.de\/index.php?rest_route=\/wp\/v2\/pages\/40\/revisions"}],"predecessor-version":[{"id":390,"href":"https:\/\/hannoversche-kunstplattform.de\/index.php?rest_route=\/wp\/v2\/pages\/40\/revisions\/390"}],"wp:attachment":[{"href":"https:\/\/hannoversche-kunstplattform.de\/index.php?rest_route=%2Fwp%2Fv2%2Fmedia&parent=40"}],"curies":[{"name":"wp","href":"https:\/\/api.w.org\/{rel}","templated":true}]}}